{"id":28,"date":"2024-03-24T09:45:44","date_gmt":"2024-03-24T09:45:44","guid":{"rendered":"https:\/\/optimus.qsandbox.com\/zqs\/qbcj\/site\/zakra-plumber\/?page_id=28"},"modified":"2024-08-05T20:06:03","modified_gmt":"2024-08-05T18:06:03","slug":"about-us","status":"publish","type":"page","link":"https:\/\/elettricistaprontointerventolombardia.com\/?page_id=28","title":{"rendered":"Pronto Intervento Elettricista Fabbro"},"content":{"rendered":"\n<div class=\"alignfull blockart-section blockart-section-d113f8d5 alignfull\"><div class=\"blockart-container\"><div class=\"blockart-section-inner\">\n<div class=\"blockart-column blockart-column-ec49d9b3\"><div class=\"blockart-column-inner\">\n<h2 class=\"blockart-heading blockart-heading-49b54ccf\">Pronto Intervento Elettricista e Fabbro in Lombardia: Servizio Completo e Professionale 24\/7 <br><br><a href=\"tel:+393801438147\">Chiama 380 143 8147<\/a><\/h2>\n\n\n\n<p class=\"blockart-paragraph blockart-paragraph-69558c13\">Quando si tratta di problemi elettrici, il tempo \u00e8 essenziale. Sia che tu abbia un guasto improvviso, un cortocircuito, o un&#8217;interruzione di corrente, il nostro team di elettricisti esperti \u00e8 disponibile 24 ore su 24, 7 giorni su 7 per offrirti un pronto intervento rapido e professionale.<\/p>\n\n\n\n\n\n<div class=\"blockart-buttons blockart-buttons-7d05a24e is-wrap\"><\/div>\n<\/div><\/div>\n\n\n\n<div class=\"blockart-column blockart-column-a59cbded\"><div class=\"blockart-column-inner\">\n<figure class=\"blockart-image blockart-image-1519ab9f\"><img loading=\"lazy\" decoding=\"async\" width=\"1080\" height=\"1080\" class=\"wp-image-380 hover-effect-static filter-none mask mask-none\" src=\"https:\/\/elettricistaprontointerventolombardia.com\/wp-content\/uploads\/2024\/08\/elettricista-pronto-intervento-milano-3.png\" alt=\"\" srcset=\"https:\/\/elettricistaprontointerventolombardia.com\/wp-content\/uploads\/2024\/08\/elettricista-pronto-intervento-milano-3.png 1080w, https:\/\/elettricistaprontointerventolombardia.com\/wp-content\/uploads\/2024\/08\/elettricista-pronto-intervento-milano-3-300x300.png 300w, https:\/\/elettricistaprontointerventolombardia.com\/wp-content\/uploads\/2024\/08\/elettricista-pronto-intervento-milano-3-1024x1024.png 1024w, https:\/\/elettricistaprontointerventolombardia.com\/wp-content\/uploads\/2024\/08\/elettricista-pronto-intervento-milano-3-150x150.png 150w, https:\/\/elettricistaprontointerventolombardia.com\/wp-content\/uploads\/2024\/08\/elettricista-pronto-intervento-milano-3-768x768.png 768w\" sizes=\"auto, (max-width: 1080px) 100vw, 1080px\" \/><\/figure>\n<\/div><\/div>\n<\/div><\/div><\/div>\n\n\n\n<div class=\"alignfull blockart-section blockart-section-85d7fa4e alignfull\"><div class=\"blockart-container-fluid\"><div class=\"blockart-section-inner\">\n<div class=\"blockart-column blockart-column-21b0d107\"><div class=\"blockart-column-inner\">\n<figure class=\"blockart-image blockart-image-b3b699e1\"><img loading=\"lazy\" decoding=\"async\" width=\"1080\" height=\"1080\" class=\"wp-image-378 hover-effect-static filter-none mask mask-none\" src=\"https:\/\/elettricistaprontointerventolombardia.com\/wp-content\/uploads\/2024\/08\/elettricista-pronto-intervento-milano-2.png\" alt=\"\" srcset=\"https:\/\/elettricistaprontointerventolombardia.com\/wp-content\/uploads\/2024\/08\/elettricista-pronto-intervento-milano-2.png 1080w, https:\/\/elettricistaprontointerventolombardia.com\/wp-content\/uploads\/2024\/08\/elettricista-pronto-intervento-milano-2-300x300.png 300w, https:\/\/elettricistaprontointerventolombardia.com\/wp-content\/uploads\/2024\/08\/elettricista-pronto-intervento-milano-2-1024x1024.png 1024w, https:\/\/elettricistaprontointerventolombardia.com\/wp-content\/uploads\/2024\/08\/elettricista-pronto-intervento-milano-2-150x150.png 150w, https:\/\/elettricistaprontointerventolombardia.com\/wp-content\/uploads\/2024\/08\/elettricista-pronto-intervento-milano-2-768x768.png 768w\" sizes=\"auto, (max-width: 1080px) 100vw, 1080px\" \/><\/figure>\n<\/div><\/div>\n\n\n\n<div class=\"blockart-column blockart-column-374a0909\"><div class=\"blockart-column-inner\">\n<h2 class=\"blockart-heading blockart-heading-4d6e2f63\">Pronto Intervento Elettricista in Lombardia <br><br><a href=\"tel:+393801438147\">Chiama 380 143 8147<\/a><\/h2>\n\n\n\n<div class=\"alignfull blockart-section blockart-section-e7168aa8 alignfull\"><div class=\"blockart-container\"><div class=\"blockart-section-inner\">\n<div class=\"blockart-column blockart-column-a24f495c\"><div class=\"blockart-column-inner\">\n<div class=\"blockart-spacing blockart-spacing-2b3d5ace\"><div class=\"blockart-spacing-inner\"><\/div><\/div>\n<\/div><\/div>\n\n\n\n<div class=\"blockart-column blockart-column-cae146de\"><div class=\"blockart-column-inner\"><\/div><\/div>\n<\/div><\/div><\/div>\n\n\n\n<p class=\"blockart-paragraph blockart-paragraph-03cdb4be\"><strong>I nostri servizi includono:<\/strong><br><strong>Riparazioni urgenti:<\/strong> Interveniamo immediatamente per risolvere guasti e riparazioni urgenti.<br><strong>Manutenzione e prevenzione:<\/strong> Controlli periodici per prevenire futuri problemi elettrici.<br><strong>Installazione e sostituzione:<\/strong> Installiamo e sostituiamo impianti elettrici, prese, interruttori e molto altro.<br><strong>Risoluzione cortocircuiti:<\/strong> Identificazione e risoluzione rapida di cortocircuiti e sovraccarichi elettrici.<\/p>\n<\/div><\/div>\n<\/div><\/div><\/div>\n\n\n\n<div class=\"alignfull blockart-section blockart-section-ec7201fc alignfull\"><div class=\"blockart-container-fluid\"><div class=\"blockart-section-inner\">\n<div class=\"blockart-column blockart-column-10295ffa\"><div class=\"blockart-column-inner\">\n<figure class=\"blockart-image blockart-image-ff604ffb\"><img loading=\"lazy\" decoding=\"async\" class=\"wp-image-155 hover-effect-static filter-none mask mask-none\" src=\"https:\/\/elettricistaprontointerventolombardia.com\/wp-content\/uploads\/2024\/03\/about-whoe-we-are-1.jpg\" alt=\"\" height=\"667\" width=\"1000\" srcset=\"https:\/\/elettricistaprontointerventolombardia.com\/wp-content\/uploads\/2024\/03\/about-whoe-we-are-1.jpg 1000w, https:\/\/elettricistaprontointerventolombardia.com\/wp-content\/uploads\/2024\/03\/about-whoe-we-are-1-300x200.jpg 300w, https:\/\/elettricistaprontointerventolombardia.com\/wp-content\/uploads\/2024\/03\/about-whoe-we-are-1-768x512.jpg 768w\" sizes=\"auto, (max-width: 1000px) 100vw, 1000px\" \/><\/figure>\n\n\n\n<h3 class=\"wp-block-heading\"><\/h3>\n<\/div><\/div>\n\n\n\n<div class=\"blockart-column blockart-column-06b682f4\"><div class=\"blockart-column-inner\">\n<h2 class=\"blockart-heading blockart-heading-770c9dd2\">Servizi Fabbro e Elettricista Pronto Intervento Milano<\/h2>\n\n\n\n<div class=\"alignfull blockart-section blockart-section-c3b56907 alignfull\"><div class=\"blockart-container\"><div class=\"blockart-section-inner\">\n<div class=\"blockart-column blockart-column-62a30764\"><div class=\"blockart-column-inner\">\n<div class=\"blockart-spacing blockart-spacing-a35399d6\"><div class=\"blockart-spacing-inner\"><\/div><\/div>\n<\/div><\/div>\n\n\n\n<div class=\"blockart-column blockart-column-b0731e4f\"><div class=\"blockart-column-inner\"><\/div><\/div>\n<\/div><\/div><\/div>\n\n\n\n<p class=\"blockart-paragraph blockart-paragraph-dec8a1ed\">Milano e le province lombarde sono zone dinamiche e vivaci, con una vita frenetica e tante esigenze. In questo contesto, avere un elettricista pronto intervento sempre disponibile \u00e8 essenziale per affrontare emergenze elettriche senza stress. Ecco perch\u00e9 il nostro servizio si distingue:<br><strong>Disponibilit\u00e0 24\/7:<\/strong> Siamo operativi 24 ore su 24, 7 giorni su 7, inclusi i festivi. Quando si verifica un&#8217;emergenza elettrica, puoi contare su di noi a qualsiasi ora del giorno o della notte.<br><strong>Rapidit\u00e0 di Intervento:<\/strong> Garantiamo tempi di risposta rapidissimi. Il nostro team \u00e8 sempre pronto a partire e raggiungerti in breve tempo, minimizzando i tempi di attesa.<br><strong>Professionisti Qualificati:<\/strong> Il nostro staff \u00e8 composto da elettricisti esperti e certificati, in grado di gestire qualsiasi tipo di intervento con competenza e sicurezza.<br><strong>Servizio Clienti Eccellente:<\/strong> Ci impegniamo a fornire un&#8217;esperienza cliente eccezionale, con personale cortese e disponibile a rispondere a tutte le tue domande e preoccupazioni.<br><\/p>\n<\/div><\/div>\n<\/div><\/div><\/div>\n\n\n\n<div class=\"alignfull blockart-section blockart-section-144f2e2e alignfull\"><div class=\"blockart-container\"><div class=\"blockart-section-inner\">\n<div class=\"blockart-column blockart-column-60baed21\"><div class=\"blockart-column-inner\"><\/div><\/div>\n\n\n\n<div class=\"blockart-column blockart-column-3bf0f2cf\"><div class=\"blockart-column-inner\">\n<h2 class=\"blockart-heading blockart-heading-172dc0be\">Chiama subito il <br>pronto intervento elettricisti e fabbri in Lombardia<\/h2>\n\n\n\n<p class=\"blockart-paragraph blockart-paragraph-7dad5167\"><strong>Pronto Intervento Elettricista e Fabbro Bergamo<\/strong><br><strong>Pronto Intervento Elettricista e Fabbro Brescia<\/strong><br><strong>Pronto Intervento Elettricista e Fabbro Como<\/strong><br><strong>Pronto Intervento Elettricista e Fabbro Cremona<\/strong><br><strong>Pronto Intervento Elettricista e Fabbro Lecco<\/strong><br><strong>Pronto Intervento Elettricista e Fabbro Lodi<\/strong><br><strong>Pronto Intervento Elettricista e Fabbro Mantova<\/strong><br><strong>Pronto Intervento Elettricista e Fabbro Milano<\/strong><br><strong>Pronto Intervento Elettricista e Fabbro Monza e Brianza<\/strong><br><strong>Pronto Intervento Elettricista e Fabbro Pavia<\/strong><br><strong>Pronto Intervento Elettricista e Fabbro Sondrio<\/strong><br><strong>Pronto Intervento Elettricista e Fabbro Varese<\/strong><\/p>\n\n\n\n\n\n<div class=\"blockart-buttons blockart-buttons-3855c4df is-wrap\"><\/div>\n<\/div><\/div>\n<\/div><\/div><\/div>\n\n\n\n<div class=\"blockart-section blockart-section-fb5475c3\"><div class=\"blockart-container\"><div class=\"blockart-section-inner\">\n<div class=\"blockart-column blockart-column-c2ba5c29\"><div class=\"blockart-column-inner\">\n<div class=\"blockart-section blockart-section-7b5da14a\"><div class=\"blockart-overlay\"><\/div><div class=\"blockart-container\"><div class=\"blockart-section-inner\">\n<div class=\"blockart-column blockart-column-324c5ec8\"><div class=\"blockart-column-inner\">\n<h2 class=\"blockart-heading blockart-heading-865232d8\"><a href=\"tel:+393801438147\">Chiama 380 143 8147<\/a><\/h2>\n\n\n\n<p class=\"blockart-paragraph blockart-paragraph-97f3aef6\">Servizio di pronto intervento elettricista, fabbro <br>in Lombardia<\/p>\n<\/div><\/div>\n<\/div><\/div><\/div>\n<\/div><\/div>\n<\/div><\/div><\/div>\n","protected":false},"excerpt":{"rendered":"","protected":false},"author":1,"featured_media":0,"parent":0,"menu_order":0,"comment_status":"closed","ping_status":"closed","template":"page-templates\/pagebuilder.php","meta":{"footnotes":""},"class_list":["post-28","page","type-page","status-publish","hentry"],"_links":{"self":[{"href":"https:\/\/elettricistaprontointerventolombardia.com\/index.php?rest_route=\/wp\/v2\/pages\/28","targetHints":{"allow":["GET"]}}],"collection":[{"href":"https:\/\/elettricistaprontointerventolombardia.com\/index.php?rest_route=\/wp\/v2\/pages"}],"about":[{"href":"https:\/\/elettricistaprontointerventolombardia.com\/index.php?rest_route=\/wp\/v2\/types\/page"}],"author":[{"embeddable":true,"href":"https:\/\/elettricistaprontointerventolombardia.com\/index.php?rest_route=\/wp\/v2\/users\/1"}],"replies":[{"embeddable":true,"href":"https:\/\/elettricistaprontointerventolombardia.com\/index.php?rest_route=%2Fwp%2Fv2%2Fcomments&post=28"}],"version-history":[{"count":7,"href":"https:\/\/elettricistaprontointerventolombardia.com\/index.php?rest_route=\/wp\/v2\/pages\/28\/revisions"}],"predecessor-version":[{"id":385,"href":"https:\/\/elettricistaprontointerventolombardia.com\/index.php?rest_route=\/wp\/v2\/pages\/28\/revisions\/385"}],"wp:attachment":[{"href":"https:\/\/elettricistaprontointerventolombardia.com\/index.php?rest_route=%2Fwp%2Fv2%2Fmedia&parent=28"}],"curies":[{"name":"wp","href":"https:\/\/api.w.org\/{rel}","templated":true}]}}